{"id":13,"date":"2026-02-09T15:14:37","date_gmt":"2026-02-09T14:14:37","guid":{"rendered":"https:\/\/aunb.mastermarketing.cloud\/?page_id=13"},"modified":"2026-03-23T14:30:49","modified_gmt":"2026-03-23T13:30:49","slug":"appruntemu-u-nostru-ballu","status":"publish","type":"page","link":"https:\/\/aunb.mastermarketing.cloud\/","title":{"rendered":"Appruntemu u nostru ballu"},"content":{"rendered":"\n<div class=\"wp-block-cover alignfull has-custom-content-position is-position-bottom-center wp-duotone-004c4c-rgb192190205-4\" style=\"margin-top:0;margin-bottom:0;padding-top:var(--wp--preset--spacing--50);padding-right:var(--wp--preset--spacing--50);padding-bottom:var(--wp--preset--spacing--50);padding-left:var(--wp--preset--spacing--50);min-height:840px;aspect-ratio:unset;\"><img loading=\"lazy\" decoding=\"async\" width=\"1024\" height=\"802\" class=\"wp-block-cover__image-background wp-image-16 size-large\" alt=\"\" src=\"https:\/\/aunb.mastermarketing.cloud\/wp-content\/uploads\/2026\/02\/pexels-vahid-seyfollahi-2147572035-29660540-1-1024x802.png\" data-object-fit=\"cover\" srcset=\"https:\/\/aunb.mastermarketing.cloud\/wp-content\/uploads\/2026\/02\/pexels-vahid-seyfollahi-2147572035-29660540-1-1024x802.png 1024w, https:\/\/aunb.mastermarketing.cloud\/wp-content\/uploads\/2026\/02\/pexels-vahid-seyfollahi-2147572035-29660540-1-300x235.png 300w, https:\/\/aunb.mastermarketing.cloud\/wp-content\/uploads\/2026\/02\/pexels-vahid-seyfollahi-2147572035-29660540-1-768x601.png 768w, https:\/\/aunb.mastermarketing.cloud\/wp-content\/uploads\/2026\/02\/pexels-vahid-seyfollahi-2147572035-29660540-1-1536x1202.png 1536w, https:\/\/aunb.mastermarketing.cloud\/wp-content\/uploads\/2026\/02\/pexels-vahid-seyfollahi-2147572035-29660540-1-2048x1603.png 2048w\" sizes=\"auto, (max-width: 1024px) 100vw, 1024px\" \/><span aria-hidden=\"true\" class=\"wp-block-cover__background has-background-dim-10 has-background-dim\"><\/span><div class=\"wp-block-cover__inner-container has-global-padding is-layout-constrained wp-container-core-cover-is-layout-d89aad35 wp-block-cover-is-layout-constrained\">\n<div class=\"wp-block-group alignwide has-global-padding is-content-justification-left is-layout-constrained wp-container-core-group-is-layout-12dd3699 wp-block-group-is-layout-constrained\">\n<h2 class=\"wp-block-heading alignwide is-style-text-display has-base-color has-text-color has-link-color has-xx-large-font-size wp-elements-e95d86531ea8568d5fd2a0ad4dfef96b is-style-text-display--1\"><strong>APPRUNTEMU U NOSTRU BALLU<\/strong><\/h2>\n\n\n\n<div style=\"height:32px\" aria-hidden=\"true\" class=\"wp-block-spacer\"><\/div>\n\n\n\n<p class=\"has-custom-color-3-color has-text-color has-link-color wp-elements-7a44ddb4530c7aee9abb273c3bd15f36\"><strong>Un espace commun pour suivre toutes les actualit\u00e9s sur la danse en Corse.<\/strong><\/p>\n\n\n\n<div style=\"height:49px\" aria-hidden=\"true\" class=\"wp-block-spacer\"><\/div>\n\n\n\n<div class=\"wp-block-buttons is-layout-flex wp-block-buttons-is-layout-flex\">\n<div class=\"wp-block-button is-style-outline is-style-outline--2\"><a class=\"wp-block-button__link wp-element-button\">\u00c9v\u00e8nements<\/a><\/div>\n\n\n\n<div class=\"wp-block-button is-style-outline is-style-outline--3\"><a class=\"wp-block-button__link wp-element-button\">Trouver une \u00e9cole<\/a><\/div>\n<\/div>\n\n\n\n<div style=\"height:32px\" aria-hidden=\"true\" class=\"wp-block-spacer\"><\/div>\n<\/div>\n<\/div><\/div>\n\n\n\n<div style=\"height:75px\" aria-hidden=\"true\" class=\"wp-block-spacer\"><\/div>\n\n\n\n<p class=\"has-text-align-center has-custom-color-2-color has-text-color has-link-color wp-elements-ffd49d9218aa632de4cb6ae1fcc59480\"><strong>Appruntemu u nostru ballu, cosa h\u00e8 ?<\/strong><\/p>\n\n\n\n<div style=\"height:27px\" aria-hidden=\"true\" class=\"wp-block-spacer\"><\/div>\n\n\n\n<p class=\"has-text-align-center has-custom-color-3-color has-text-color has-link-color wp-elements-db4eb7de7ced456a3e1d9fe385bae627\">U primu media a nant&rsquo;u ballu in Corsica. AUNB est un m\u00e9dia ind\u00e9pendant qui centralise et met en lumi\u00e8re les \u00e9coles, les professeurs, les \u00e9v\u00e9nements et l\u2019actualit\u00e9 de la danse en Corse.<\/p>\n\n\n\n<p class=\"has-text-align-center has-custom-color-3-color has-text-color has-link-color wp-elements-ccb79004998a225f3c202df44939757b\">L\u2019objectif est simple : offrir un espace commun pour informer, valoriser et connecter tous les acteurs de la danse, amateurs comme professionnels.<\/p>\n\n\n\n<div style=\"height:100px\" aria-hidden=\"true\" class=\"wp-block-spacer\"><\/div>\n\n\n\n<div class=\"wp-block-columns alignwide is-layout-flex wp-container-core-columns-is-layout-28f84493 wp-block-columns-is-layout-flex\">\n<div class=\"wp-block-column has-custom-color-3-background-color has-background is-layout-flow wp-block-column-is-layout-flow\">\n<div style=\"height:12px\" aria-hidden=\"true\" class=\"wp-block-spacer\"><\/div>\n\n\n\n<p class=\"has-text-align-center has-custom-color-1-color has-text-color has-link-color has-large-font-size wp-elements-7fc6293aac830ad57e36a18c47f99c52\"><strong>Les \u00e9coles de danse<\/strong><\/p>\n\n\n\n<div style=\"height:50px\" aria-hidden=\"true\" class=\"wp-block-spacer\"><\/div>\n\n\n\n<p class=\"has-text-align-center has-custom-color-2-color has-text-color has-link-color has-medium-font-size wp-elements-592014296f4436f95736b1a446fc216e\">D\u00e9couvrez les \u00e9coles de danse pr\u00e9sentes en Corse, leurs disciplines, leurs cours et leurs informations pratiques.<\/p>\n\n\n\n<div style=\"height:24px\" aria-hidden=\"true\" class=\"wp-block-spacer\"><\/div>\n\n\n\n<div class=\"wp-block-buttons alignwide is-content-justification-center is-layout-flex wp-container-core-buttons-is-layout-a89b3969 wp-block-buttons-is-layout-flex\">\n<div class=\"wp-block-button\"><a class=\"wp-block-button__link has-custom-color-3-color has-custom-color-2-background-color has-text-color has-background has-link-color wp-element-button\">Voir les \u00e9coles<\/a><\/div>\n<\/div>\n\n\n\n<div style=\"height:12px\" aria-hidden=\"true\" class=\"wp-block-spacer\"><\/div>\n<\/div>\n\n\n\n<div class=\"wp-block-column has-custom-color-2-background-color has-background is-layout-flow wp-block-column-is-layout-flow\">\n<div style=\"height:12px\" aria-hidden=\"true\" class=\"wp-block-spacer\"><\/div>\n\n\n\n<p class=\"has-text-align-center has-custom-color-1-color has-text-color has-link-color has-large-font-size wp-elements-0fa4337a9e2b6952ac83ca9e1ef95fb9\"><strong>Les professeurs<\/strong><\/p>\n\n\n\n<div style=\"height:50px\" aria-hidden=\"true\" class=\"wp-block-spacer\"><\/div>\n\n\n\n<p class=\"has-text-align-center has-custom-color-3-color has-text-color has-link-color has-medium-font-size wp-elements-291fabb8e9724bc393502a5419ddf1e5\">Portraits de professeurs, parcours, styles enseign\u00e9s et projets artistiques.<\/p>\n\n\n\n<div style=\"height:48px\" aria-hidden=\"true\" class=\"wp-block-spacer\"><\/div>\n\n\n\n<div class=\"wp-block-buttons is-content-justification-center is-layout-flex wp-container-core-buttons-is-layout-a89b3969 wp-block-buttons-is-layout-flex\">\n<div class=\"wp-block-button\"><a class=\"wp-block-button__link has-custom-color-2-color has-custom-color-3-background-color has-text-color has-background has-link-color has-text-align-center wp-element-button\">D\u00e9couvrir les professeurs<\/a><\/div>\n<\/div>\n<\/div>\n\n\n\n<div class=\"wp-block-column has-custom-color-3-background-color has-background is-layout-flow wp-block-column-is-layout-flow\">\n<div style=\"height:12px\" aria-hidden=\"true\" class=\"wp-block-spacer\"><\/div>\n\n\n\n<p class=\"has-text-align-center has-custom-color-1-color has-text-color has-link-color has-large-font-size wp-elements-55d80ad46d3e176279fc0b89c05ee6f1\"><strong><strong>Les \u00e9v\u00e8nements<\/strong><\/strong><\/p>\n\n\n\n<div style=\"height:50px\" aria-hidden=\"true\" class=\"wp-block-spacer\"><\/div>\n\n\n\n<p class=\"has-text-align-center has-custom-color-2-color has-text-color has-link-color has-medium-font-size wp-elements-f834ed4518638f8338b1294b89d96b4c\">Stages, spectacles, sc\u00e8nes ouvertes et rendez\u2011vous autour de la danse en Corse.<\/p>\n\n\n\n<div style=\"height:48px\" aria-hidden=\"true\" class=\"wp-block-spacer\"><\/div>\n\n\n\n<div class=\"wp-block-buttons alignwide is-content-justification-center is-layout-flex wp-container-core-buttons-is-layout-a89b3969 wp-block-buttons-is-layout-flex\">\n<div class=\"wp-block-button\"><a class=\"wp-block-button__link has-custom-color-3-color has-custom-color-2-background-color has-text-color has-background has-link-color wp-element-button\">Voir l\u2019agenda<\/a><\/div>\n<\/div>\n<\/div>\n<\/div>\n\n\n\n<div style=\"height:82px\" aria-hidden=\"true\" class=\"wp-block-spacer\"><\/div>\n\n\n\n<div class=\"wp-block-columns alignwide are-vertically-aligned-center has-custom-color-3-background-color has-background is-layout-flex wp-container-core-columns-is-layout-28f84493 wp-block-columns-is-layout-flex\">\n<div class=\"wp-block-column is-vertically-aligned-center is-layout-flow wp-block-column-is-layout-flow\" style=\"flex-basis:33.33%\">\n<figure class=\"wp-block-image size-large\"><img loading=\"lazy\" decoding=\"async\" width=\"2560\" height=\"2560\" src=\"https:\/\/aunb.mastermarketing.cloud\/wp-content\/uploads\/2026\/02\/pexels-matreding-6931443-edited-scaled.png\" alt=\"\" class=\"wp-image-62\" srcset=\"https:\/\/aunb.mastermarketing.cloud\/wp-content\/uploads\/2026\/02\/pexels-matreding-6931443-edited-scaled.png 2560w, https:\/\/aunb.mastermarketing.cloud\/wp-content\/uploads\/2026\/02\/pexels-matreding-6931443-edited-300x300.png 300w, https:\/\/aunb.mastermarketing.cloud\/wp-content\/uploads\/2026\/02\/pexels-matreding-6931443-edited-1024x1024.png 1024w, https:\/\/aunb.mastermarketing.cloud\/wp-content\/uploads\/2026\/02\/pexels-matreding-6931443-edited-150x150.png 150w, https:\/\/aunb.mastermarketing.cloud\/wp-content\/uploads\/2026\/02\/pexels-matreding-6931443-edited-768x768.png 768w, https:\/\/aunb.mastermarketing.cloud\/wp-content\/uploads\/2026\/02\/pexels-matreding-6931443-edited-1536x1536.png 1536w, https:\/\/aunb.mastermarketing.cloud\/wp-content\/uploads\/2026\/02\/pexels-matreding-6931443-edited-2048x2048.png 2048w\" sizes=\"auto, (max-width: 2560px) 100vw, 2560px\" \/><\/figure>\n<\/div>\n\n\n\n<div class=\"wp-block-column is-vertically-aligned-center has-global-padding is-layout-constrained wp-block-column-is-layout-constrained\" style=\"flex-basis:66.66%\">\n<div style=\"height:11px\" aria-hidden=\"true\" class=\"wp-block-spacer\"><\/div>\n\n\n\n<p class=\"has-text-align-center has-custom-color-1-color has-text-color has-link-color has-x-large-font-size wp-elements-cb6e1308ea929d66755f0373bb300381\"><strong><strong>\u00c0 venir prochainement<\/strong><\/strong>&#8230;<\/p>\n\n\n\n<div style=\"height:12px\" aria-hidden=\"true\" class=\"wp-block-spacer\"><\/div>\n\n\n<div class=\"wp-block-calendar\"><table id=\"wp-calendar\" class=\"wp-calendar-table\">\n\t<caption>avril 2026<\/caption>\n\t<thead>\n\t<tr>\n\t\t<th scope=\"col\" aria-label=\"lundi\">L<\/th>\n\t\t<th scope=\"col\" aria-label=\"mardi\">M<\/th>\n\t\t<th scope=\"col\" aria-label=\"mercredi\">M<\/th>\n\t\t<th scope=\"col\" aria-label=\"jeudi\">J<\/th>\n\t\t<th scope=\"col\" aria-label=\"vendredi\">V<\/th>\n\t\t<th scope=\"col\" aria-label=\"samedi\">S<\/th>\n\t\t<th scope=\"col\" aria-label=\"dimanche\">D<\/th>\n\t<\/tr>\n\t<\/thead>\n\t<tbody>\n\t<tr>\n\t\t<td colspan=\"2\" class=\"pad\">&nbsp;<\/td><td>1<\/td><td>2<\/td><td>3<\/td><td>4<\/td><td>5<\/td>\n\t<\/tr>\n\t<tr>\n\t\t<td>6<\/td><td>7<\/td><td>8<\/td><td>9<\/td><td>10<\/td><td>11<\/td><td>12<\/td>\n\t<\/tr>\n\t<tr>\n\t\t<td>13<\/td><td>14<\/td><td>15<\/td><td>16<\/td><td>17<\/td><td>18<\/td><td id=\"today\">19<\/td>\n\t<\/tr>\n\t<tr>\n\t\t<td>20<\/td><td>21<\/td><td>22<\/td><td>23<\/td><td>24<\/td><td>25<\/td><td>26<\/td>\n\t<\/tr>\n\t<tr>\n\t\t<td>27<\/td><td>28<\/td><td>29<\/td><td>30<\/td>\n\t\t<td class=\"pad\" colspan=\"3\">&nbsp;<\/td>\n\t<\/tr>\n\t<\/tbody>\n\t<\/table><nav aria-label=\"Mois pr\u00e9c\u00e9dents et suivants\" class=\"wp-calendar-nav\">\n\t\t<span class=\"wp-calendar-nav-prev\"><a href=\"https:\/\/aunb.mastermarketing.cloud\/index.php\/2026\/02\/\">&laquo; F\u00e9v<\/a><\/span>\n\t\t<span class=\"pad\">&nbsp;<\/span>\n\t\t<span class=\"wp-calendar-nav-next\">&nbsp;<\/span>\n\t<\/nav><\/div>\n\n\n<div class=\"wp-block-buttons alignwide is-content-justification-center is-layout-flex wp-container-core-buttons-is-layout-a89b3969 wp-block-buttons-is-layout-flex\">\n<div class=\"wp-block-button\"><a class=\"wp-block-button__link has-custom-color-3-color has-custom-color-2-background-color has-text-color has-background has-link-color wp-element-button\">Voir les dates<\/a><\/div>\n<\/div>\n<\/div>\n\n\n\n<div class=\"wp-block-column is-vertically-aligned-center is-layout-flow wp-block-column-is-layout-flow\"><\/div>\n\n\n\n<div class=\"wp-block-column is-vertically-aligned-center is-layout-flow wp-block-column-is-layout-flow\"><\/div>\n<\/div>\n\n\n\n<div style=\"height:75px\" aria-hidden=\"true\" class=\"wp-block-spacer\"><\/div>\n\n\n\n<div class=\"wp-block-columns alignwide has-custom-color-2-background-color has-background is-layout-flex wp-container-core-columns-is-layout-28f84493 wp-block-columns-is-layout-flex\">\n<div class=\"wp-block-column is-layout-flow wp-block-column-is-layout-flow\" style=\"flex-basis:66.66%\">\n<div style=\"height:15px\" aria-hidden=\"true\" class=\"wp-block-spacer\"><\/div>\n\n\n\n<p class=\"has-text-align-center has-custom-color-1-color has-text-color has-link-color has-x-large-font-size wp-elements-b5b2871315f5b96f053fcd5931cae612\"><strong>Pour qui ?<\/strong><\/p>\n\n\n\n<div style=\"height:20px\" aria-hidden=\"true\" class=\"wp-block-spacer\"><\/div>\n\n\n\n<p class=\"has-text-align-center has-custom-color-3-color has-text-color has-link-color wp-elements-a8e8c68c3ff2965185ced96523bee86a\"><strong>Pour les danseurs et passionn\u00e9s<\/strong><br>\u2192 s\u2019informer, d\u00e9couvrir, sortir<\/p>\n\n\n\n<p class=\"has-text-align-center has-custom-color-3-color has-text-color has-link-color wp-elements-0ec8dc066d44a9cab4271d310c9879ea\"><strong>Pour les \u00e9coles et professeurs<\/strong><br>\u2192 gagner en visibilit\u00e9, communiquer<\/p>\n\n\n\n<p class=\"has-text-align-center has-custom-color-3-color has-text-color has-link-color wp-elements-0697235d0a4b29054b99a51752ebcfc7\"><strong>Pour les organisateurs<\/strong><br>\u2192 faire conna\u00eetre leurs \u00e9v\u00e9nements<\/p>\n\n\n\n<div style=\"height:18px\" aria-hidden=\"true\" class=\"wp-block-spacer\"><\/div>\n\n\n\n<div class=\"wp-block-buttons is-content-justification-center is-layout-flex wp-container-core-buttons-is-layout-a89b3969 wp-block-buttons-is-layout-flex\">\n<div class=\"wp-block-button\"><a class=\"wp-block-button__link has-custom-color-2-color has-custom-color-1-background-color has-text-color has-background has-link-color has-text-align-center wp-element-button\">S&rsquo;inscrire<\/a><\/div>\n<\/div>\n<\/div>\n\n\n\n<div class=\"wp-block-column is-vertically-aligned-center has-custom-color-2-background-color has-background is-layout-flow wp-block-column-is-layout-flow\" style=\"flex-basis:33.33%\">\n<figure class=\"wp-block-image size-large\"><img loading=\"lazy\" decoding=\"async\" width=\"1024\" height=\"683\" src=\"https:\/\/aunb.mastermarketing.cloud\/wp-content\/uploads\/2026\/02\/pexels-budgeron-bach-5153965-1-1024x683.png\" alt=\"\" class=\"wp-image-60\" srcset=\"https:\/\/aunb.mastermarketing.cloud\/wp-content\/uploads\/2026\/02\/pexels-budgeron-bach-5153965-1-1024x683.png 1024w, https:\/\/aunb.mastermarketing.cloud\/wp-content\/uploads\/2026\/02\/pexels-budgeron-bach-5153965-1-300x200.png 300w, https:\/\/aunb.mastermarketing.cloud\/wp-content\/uploads\/2026\/02\/pexels-budgeron-bach-5153965-1-768x512.png 768w, https:\/\/aunb.mastermarketing.cloud\/wp-content\/uploads\/2026\/02\/pexels-budgeron-bach-5153965-1-1536x1024.png 1536w, https:\/\/aunb.mastermarketing.cloud\/wp-content\/uploads\/2026\/02\/pexels-budgeron-bach-5153965-1-2048x1365.png 2048w\" sizes=\"auto, (max-width: 1024px) 100vw, 1024px\" \/><\/figure>\n<\/div>\n<\/div>\n\n\n\n<div style=\"height:75px\" aria-hidden=\"true\" class=\"wp-block-spacer\"><\/div>\n\n\n\n<div class=\"wp-block-columns alignwide are-vertically-aligned-center has-custom-color-3-background-color has-background is-layout-flex wp-container-core-columns-is-layout-28f84493 wp-block-columns-is-layout-flex\">\n<div class=\"wp-block-column is-vertically-aligned-center is-layout-flow wp-block-column-is-layout-flow\" style=\"flex-basis:33.33%\">\n<figure class=\"wp-block-image size-large\"><img loading=\"lazy\" decoding=\"async\" width=\"2560\" height=\"2560\" src=\"https:\/\/aunb.mastermarketing.cloud\/wp-content\/uploads\/2026\/02\/pexels-nuno-magalhaes-1241549-27116818-edited-1-scaled.png\" alt=\"\" class=\"wp-image-66\" srcset=\"https:\/\/aunb.mastermarketing.cloud\/wp-content\/uploads\/2026\/02\/pexels-nuno-magalhaes-1241549-27116818-edited-1-scaled.png 2560w, https:\/\/aunb.mastermarketing.cloud\/wp-content\/uploads\/2026\/02\/pexels-nuno-magalhaes-1241549-27116818-edited-1-300x300.png 300w, https:\/\/aunb.mastermarketing.cloud\/wp-content\/uploads\/2026\/02\/pexels-nuno-magalhaes-1241549-27116818-edited-1-1024x1024.png 1024w, https:\/\/aunb.mastermarketing.cloud\/wp-content\/uploads\/2026\/02\/pexels-nuno-magalhaes-1241549-27116818-edited-1-150x150.png 150w, https:\/\/aunb.mastermarketing.cloud\/wp-content\/uploads\/2026\/02\/pexels-nuno-magalhaes-1241549-27116818-edited-1-768x768.png 768w, https:\/\/aunb.mastermarketing.cloud\/wp-content\/uploads\/2026\/02\/pexels-nuno-magalhaes-1241549-27116818-edited-1-1536x1536.png 1536w, https:\/\/aunb.mastermarketing.cloud\/wp-content\/uploads\/2026\/02\/pexels-nuno-magalhaes-1241549-27116818-edited-1-2048x2048.png 2048w\" sizes=\"auto, (max-width: 2560px) 100vw, 2560px\" \/><\/figure>\n<\/div>\n\n\n\n<div class=\"wp-block-column is-vertically-aligned-center has-global-padding is-layout-constrained wp-block-column-is-layout-constrained\" style=\"flex-basis:66.66%\">\n<div style=\"height:43px\" aria-hidden=\"true\" class=\"wp-block-spacer\"><\/div>\n\n\n\n<p class=\"has-text-align-center has-custom-color-1-color has-text-color has-link-color has-x-large-font-size wp-elements-33c5d4fbe712c4d529e334f6f1f99bbe\"><strong><strong>Notre vision<\/strong><\/strong><\/p>\n\n\n\n<div style=\"height:19px\" aria-hidden=\"true\" class=\"wp-block-spacer\"><\/div>\n\n\n\n<p class=\"has-text-align-center has-custom-color-2-color has-text-color has-link-color wp-elements-ff031941cab081a22108da5b3120fb3a\">La danse fait partie de la culture et de l\u2019identit\u00e9 de la Corse.<\/p>\n\n\n\n<p class=\"has-text-align-center has-custom-color-2-color has-text-color has-link-color wp-elements-521b156840a88eda42a1db7fba7a65f5\">AUNB est n\u00e9 de l\u2019envie de cr\u00e9er un m\u00e9dia accessible, f\u00e9d\u00e9rateur et respectueux de toutes les disciplines, afin de donner de la visibilit\u00e9 \u00e0 celles et ceux qui font vivre la danse au quotidien.<\/p>\n\n\n\n<div style=\"height:22px\" aria-hidden=\"true\" class=\"wp-block-spacer\"><\/div>\n\n\n\n<div class=\"wp-block-buttons alignwide is-content-justification-center is-layout-flex wp-container-core-buttons-is-layout-a89b3969 wp-block-buttons-is-layout-flex\">\n<div class=\"wp-block-button\"><a class=\"wp-block-button__link has-custom-color-3-color has-custom-color-2-background-color has-text-color has-background has-link-color wp-element-button\">En savoir plus<\/a><\/div>\n<\/div>\n<\/div>\n\n\n\n<div class=\"wp-block-column is-vertically-aligned-center is-layout-flow wp-block-column-is-layout-flow\"><\/div>\n\n\n\n<div class=\"wp-block-column is-vertically-aligned-center is-layout-flow wp-block-column-is-layout-flow\"><\/div>\n<\/div>\n\n\n\n<div style=\"height:54px\" aria-hidden=\"true\" class=\"wp-block-spacer\"><\/div>\n\n\n\n<iframe loading=\"lazy\" width=\"1440\" height=\"505\" src=\"https:\/\/aa88ee39.sibforms.com\/serve\/MUIFAD_Wlu44SwZBBhWfQ4sQMX8JOKDEXmFqAQ8mEGtpM7Lc_EEcrQZGssxjSL567xKRX3rZGWjPhUbD-RrCyrueSkjbcQvrBwswwA6sChol5eG75fTaNJT1l0XhEMqIoOdixw4FFyz05dVcsPQIuXav8X4Y2qIWNgE7f_pEAgNN-05Xb3LS5_JtpdCVfJr9WKFPvcfddsaDmQ-a-w==\" frameborder=\"0\" scrolling=\"auto\" allowfullscreen style=\"display: block;margin-left: auto;margin-right: auto;max-width: 100%;\"><\/iframe>\n\n\n\n<div style=\"height:29px\" aria-hidden=\"true\" class=\"wp-block-spacer\"><\/div>\n\n\n\n<p class=\"has-text-align-center has-custom-color-2-color has-text-color has-link-color has-x-large-font-size wp-elements-b5c7df6eccd3980226a2f928e4039306\"><strong>Envie de suivre la danse ? <\/strong><\/p>\n\n\n\n<div style=\"height:27px\" aria-hidden=\"true\" class=\"wp-block-spacer\"><\/div>\n\n\n\n<div class=\"wp-block-buttons is-content-justification-center is-layout-flex wp-container-core-buttons-is-layout-a89b3969 wp-block-buttons-is-layout-flex\">\n<div class=\"wp-block-button\"><a class=\"wp-block-button__link has-custom-color-2-color has-custom-color-3-background-color has-text-color has-background has-link-color has-large-font-size has-custom-font-size wp-element-button\">Proposer un \u00e9v\u00e8nement<\/a><\/div>\n<\/div>\n\n\n\n<div style=\"height:10px\" aria-hidden=\"true\" class=\"wp-block-spacer\"><\/div>\n\n\n\n<div class=\"wp-block-buttons is-content-justification-center is-layout-flex wp-container-core-buttons-is-layout-a89b3969 wp-block-buttons-is-layout-flex\">\n<div class=\"wp-block-button\"><a class=\"wp-block-button__link has-custom-color-1-color has-custom-color-2-background-color has-text-color has-background has-link-color has-large-font-size has-custom-font-size wp-element-button\">Nous contacter<\/a><\/div>\n<\/div>\n\n\n\n<div style=\"height:10px\" aria-hidden=\"true\" class=\"wp-block-spacer\"><\/div>\n\n\n\n<div class=\"wp-block-buttons is-content-justification-center is-layout-flex wp-container-core-buttons-is-layout-a89b3969 wp-block-buttons-is-layout-flex\">\n<div class=\"wp-block-button\"><a class=\"wp-block-button__link has-custom-color-2-color has-custom-color-3-background-color has-text-color has-background has-link-color has-large-font-size has-custom-font-size wp-element-button\">Nous suivre<\/a><\/div>\n<\/div>\n\n\n\n<div style=\"height:33px\" aria-hidden=\"true\" class=\"wp-block-spacer\"><\/div>\n","protected":false},"excerpt":{"rendered":"<p>Appruntemu u nostru ballu, cosa h\u00e8 ? U primu media a nant&rsquo;u ballu in Corsica. AUNB est un m\u00e9dia ind\u00e9pendant qui centralise et met en lumi\u00e8re les \u00e9coles, les professeurs, les \u00e9v\u00e9nements et l\u2019actualit\u00e9 de la danse en Corse. L\u2019objectif est simple : offrir un espace commun pour informer, valoriser et connecter tous les acteurs [&hellip;]<\/p>\n","protected":false},"author":2,"featured_media":0,"parent":0,"menu_order":0,"comment_status":"closed","ping_status":"closed","template":"","meta":{"footnotes":""},"class_list":["post-13","page","type-page","status-publish","hentry"],"_links":{"self":[{"href":"https:\/\/aunb.mastermarketing.cloud\/index.php\/wp-json\/wp\/v2\/pages\/13","targetHints":{"allow":["GET"]}}],"collection":[{"href":"https:\/\/aunb.mastermarketing.cloud\/index.php\/wp-json\/wp\/v2\/pages"}],"about":[{"href":"https:\/\/aunb.mastermarketing.cloud\/index.php\/wp-json\/wp\/v2\/types\/page"}],"author":[{"embeddable":true,"href":"https:\/\/aunb.mastermarketing.cloud\/index.php\/wp-json\/wp\/v2\/users\/2"}],"replies":[{"embeddable":true,"href":"https:\/\/aunb.mastermarketing.cloud\/index.php\/wp-json\/wp\/v2\/comments?post=13"}],"version-history":[{"count":34,"href":"https:\/\/aunb.mastermarketing.cloud\/index.php\/wp-json\/wp\/v2\/pages\/13\/revisions"}],"predecessor-version":[{"id":91,"href":"https:\/\/aunb.mastermarketing.cloud\/index.php\/wp-json\/wp\/v2\/pages\/13\/revisions\/91"}],"wp:attachment":[{"href":"https:\/\/aunb.mastermarketing.cloud\/index.php\/wp-json\/wp\/v2\/media?parent=13"}],"curies":[{"name":"wp","href":"https:\/\/api.w.org\/{rel}","templated":true}]}}